{"id":16956,"date":"2026-04-03T16:58:23","date_gmt":"2026-04-03T16:58:23","guid":{"rendered":"https:\/\/yaatoumarket.sn\/?post_type=product&#038;p=16956"},"modified":"2026-04-03T16:58:23","modified_gmt":"2026-04-03T16:58:23","slug":"drap-de-ceremonie-6-pieces","status":"publish","type":"product","link":"https:\/\/yaatoumarket.sn\/index.php\/product\/drap-de-ceremonie-6-pieces\/","title":{"rendered":"Drap de c\u00e9r\u00e9monie 6 pi\u00e8ces"},"content":{"rendered":"","protected":false},"excerpt":{"rendered":"","protected":false},"featured_media":16952,"comment_status":"open","ping_status":"closed","template":"","meta":[],"product_brand":[],"product_cat":[160],"product_tag":[],"class_list":{"0":"post-16956","1":"product","2":"type-product","3":"status-publish","4":"has-post-thumbnail","6":"product_cat-maison","8":"first","9":"instock","10":"shipping-taxable","11":"purchasable","12":"product-type-simple"},"jetpack_sharing_enabled":true,"_links":{"self":[{"href":"https:\/\/yaatoumarket.sn\/index.php\/wp-json\/wp\/v2\/product\/16956","targetHints":{"allow":["GET"]}}],"collection":[{"href":"https:\/\/yaatoumarket.sn\/index.php\/wp-json\/wp\/v2\/product"}],"about":[{"href":"https:\/\/yaatoumarket.sn\/index.php\/wp-json\/wp\/v2\/types\/product"}],"replies":[{"embeddable":true,"href":"https:\/\/yaatoumarket.sn\/index.php\/wp-json\/wp\/v2\/comments?post=16956"}],"version-history":[{"count":1,"href":"https:\/\/yaatoumarket.sn\/index.php\/wp-json\/wp\/v2\/product\/16956\/revisions"}],"predecessor-version":[{"id":16957,"href":"https:\/\/yaatoumarket.sn\/index.php\/wp-json\/wp\/v2\/product\/16956\/revisions\/16957"}],"wp:featuredmedia":[{"embeddable":true,"href":"https:\/\/yaatoumarket.sn\/index.php\/wp-json\/wp\/v2\/media\/16952"}],"wp:attachment":[{"href":"https:\/\/yaatoumarket.sn\/index.php\/wp-json\/wp\/v2\/media?parent=16956"}],"wp:term":[{"taxonomy":"product_brand","embeddable":true,"href":"https:\/\/yaatoumarket.sn\/index.php\/wp-json\/wp\/v2\/product_brand?post=16956"},{"taxonomy":"product_cat","embeddable":true,"href":"https:\/\/yaatoumarket.sn\/index.php\/wp-json\/wp\/v2\/product_cat?post=16956"},{"taxonomy":"product_tag","embeddable":true,"href":"https:\/\/yaatoumarket.sn\/index.php\/wp-json\/wp\/v2\/product_tag?post=16956"}],"curies":[{"name":"wp","href":"https:\/\/api.w.org\/{rel}","templated":true}]}}